{"id":10662,"date":"2019-09-08T17:31:23","date_gmt":"2019-09-08T15:31:23","guid":{"rendered":"http:\/\/www.centre-sainte-anne.be\/?page_id=10662"},"modified":"2020-09-16T14:54:35","modified_gmt":"2020-09-16T12:54:35","slug":"tarifs","status":"publish","type":"page","link":"http:\/\/www.centre-sainte-anne.be\/?page_id=10662","title":{"rendered":"Tarifs"},"content":{"rendered":"\n<h2> G\u00e9n\u00e9ralit\u00e9s<br><\/h2>\n\n\n\n<p> Des traitements sont partiellement rembours\u00e9s par votre assurance.<br> Le montant du remboursement d\u00e9pend de votre contrat d&rsquo;assurance. <br>C&rsquo;est pourquoi, nous vous conseillons de prendre directement contact avec votre organisme assureur.<br>De plus, certains assureurs fournissent \u00e0 leurs affili\u00e9s une carte de remboursement que seul votre assurance peut vous fournir (dans ca cas, ne l&rsquo;oubliez pas lors de votre consultation au centre de soins Ste Anne).<\/p>\n\n\n\n<p> Dans bien des cas, un re\u00e7u, une attestation de soin ou une facture, fournit par nos th\u00e9rapeutes, suffiront \u00e0 votre remboursement. <br> <\/p>\n\n\n\n<h3> Patient diab\u00e9tique<br> <\/h3>\n\n\n\n<p>Le montant rembours\u00e9  par l&rsquo;INAMI pour les soins diab\u00e9tiques sont  de l&rsquo;ordre de 75% \u00e0 90% de l&rsquo;honoraire de consultation.<br>Pour ce faire, lors des vos consultations vous devez pr\u00e9senter votre passeport du diab\u00e8te ou contrat trajet de soin ainsi qu&rsquo;une prescription (de votre diab\u00e9tologue ou m\u00e9decin sp\u00e9cialiste )pour vos soins podologiques.<br>Apr\u00e8s ces quelques formalit\u00e9s, vous serez assur\u00e9 de vos remboursements.<\/p>\n\n\n\n<p>Voici une liste informative pour vous renseigner sur vos droits au remboursement.<\/p>\n\n\n\n<h2>Tarification &#8211; Rate au 1er janvier 2018<\/h2>\n\n\n\n<figure class=\"wp-block-table\"><table><tbody><tr><td>Soins &#8211; Care<\/td><td>Soin \u00e0 domicile*<\/td><td>35 EUR<\/td><\/tr><tr><td><\/td><td>Soin diab\u00e8tique*<\/td><td>35 EUR<\/td><\/tr><tr><td><\/td><td>1\/2 soin*<\/td><td>20 EUR<\/td><\/tr><tr><td><\/td><td>Soin podologique-p\u00e9dicurie*<\/td><td>33 EUR<\/td><\/tr><tr><td>Orth\u00e8ses &#8211; Orthosis<\/td><td>Onychoplastie**<\/td><td>De 20 \u00e0 30 EUR<\/td><\/tr><tr><td><\/td><td>Orthonyxie**<\/td><td>De 30 \u00e0 40 EUR<\/td><\/tr><tr><td><\/td><td>Orthoplastie**<\/td><td>De 30 \u00e0 60 EUR<\/td><\/tr><tr><td>Semelle fonctionnelle &#8211; Soles<\/td><td>Semelles**<\/td><td>De 150 \u00e0 250 EUR<\/td><\/tr><tr><td>Examen biom\u00e9canique <br>Examination<\/td><td>Examen<\/td><td>De 50 \u00e0 70 EUR<\/td><\/tr><tr><td><\/td><td><\/td><td><\/td><\/tr><\/tbody><\/table><\/figure>\n\n\n\n<h2> Remboursements <\/h2>\n\n\n\n<p>(renseignez-vous aupr\u00e8s de vos mutuelles et assurances)- <em>Refunds<\/em><\/p>\n\n\n\n<p><strong><em>Visite\ndiab\u00e9tique 771153 &#8211; Trajet de soins 794032<\/em><\/strong><\/p>\n\n\n\n<figure class=\"wp-block-table\"><table><tbody><tr><td><\/td><td><\/td><td><strong>Intervention de l&rsquo;assurance 2x par an<\/strong><\/td><td><\/td><\/tr><tr><td><\/td><td>Tarif<\/td><td>r\u00e9gime pr\u00e9f\u00e9rentiel<\/td><td>sans r\u00e9gime<\/td><\/tr><tr><td> Soin diab\u00e9tique <\/td><td>29,25 EUR<\/td><td>26,33 EUR<\/td><td>21,95 EUR<\/td><\/tr><tr><td>*<\/td><td>Remboursement<\/td><td><\/td><td><\/td><\/tr><tr><td><\/td><td><\/td><td><\/td><td><\/td><\/tr><tr><td><\/td><td><\/td><td><\/td><td><\/td><\/tr><\/tbody><\/table><\/figure>\n\n\n\n<p><\/p>\n","protected":false},"excerpt":{"rendered":"<p>G\u00e9n\u00e9ralit\u00e9s Des traitements sont partiellement rembours\u00e9s par votre assurance. Le montant du remboursement d\u00e9pend de votre contrat d&rsquo;assurance. C&rsquo;est pourquoi, nous vous conseillons de prendre directement contact avec votre organisme assureur.De plus, certains assureurs fournissent \u00e0 leurs affili\u00e9s une carte de remboursement que seul votre assurance peut vous fournir (dans ca cas, ne l&rsquo;oubliez pas &hellip; <\/p>\n<p class=\"link-more\"><a href=\"http:\/\/www.centre-sainte-anne.be\/?page_id=10662\" class=\"more-link\">Continuer la lecture<span class=\"screen-reader-text\"> de &laquo;&nbsp;Tarifs&nbsp;&raquo;<\/span><\/a><\/p>\n","protected":false},"author":1,"featured_media":0,"parent":0,"menu_order":0,"comment_status":"closed","ping_status":"closed","template":"","meta":[],"_links":{"self":[{"href":"http:\/\/www.centre-sainte-anne.be\/index.php?rest_route=\/wp\/v2\/pages\/10662"}],"collection":[{"href":"http:\/\/www.centre-sainte-anne.be\/index.php?rest_route=\/wp\/v2\/pages"}],"about":[{"href":"http:\/\/www.centre-sainte-anne.be\/index.php?rest_route=\/wp\/v2\/types\/page"}],"author":[{"embeddable":true,"href":"http:\/\/www.centre-sainte-anne.be\/index.php?rest_route=\/wp\/v2\/users\/1"}],"replies":[{"embeddable":true,"href":"http:\/\/www.centre-sainte-anne.be\/index.php?rest_route=%2Fwp%2Fv2%2Fcomments&post=10662"}],"version-history":[{"count":2,"href":"http:\/\/www.centre-sainte-anne.be\/index.php?rest_route=\/wp\/v2\/pages\/10662\/revisions"}],"predecessor-version":[{"id":10685,"href":"http:\/\/www.centre-sainte-anne.be\/index.php?rest_route=\/wp\/v2\/pages\/10662\/revisions\/10685"}],"wp:attachment":[{"href":"http:\/\/www.centre-sainte-anne.be\/index.php?rest_route=%2Fwp%2Fv2%2Fmedia&parent=10662"}],"curies":[{"name":"wp","href":"https:\/\/api.w.org\/{rel}","templated":true}]}}